{"id":27,"date":"2017-03-25T15:13:18","date_gmt":"2017-03-25T14:13:18","guid":{"rendered":"http:\/\/laserins.fr\/?page_id=27"},"modified":"2024-09-27T13:01:57","modified_gmt":"2024-09-27T11:01:57","slug":"accueil","status":"publish","type":"page","link":"https:\/\/laserelectronique.com\/","title":{"rendered":"Accueil"},"content":{"rendered":"<section class=\"wpb-content-wrapper\"><p>[vc_section][vc_row css_animation=\u00a0\u00bbtop-to-bottom\u00a0\u00bb][vc_column el_class=\u00a0\u00bbcustom-h2&Prime;][vc_column_text]<\/p>\n<h2 style=\"text-align: center;\"><span style=\"color: #0000ff;\">Votre partenaire en guidage d&rsquo;engins, topographie et services\u00a0<\/span><\/h2>\n<p>[\/vc_column_text][vc_empty_space height=\u00a0\u00bb20px\u00a0\u00bb][\/vc_column][\/vc_row][vc_row full_width=\u00a0\u00bbstretch_row_content_no_spaces\u00a0\u00bb gap=\u00a0\u00bb20&Prime; equal_height=\u00a0\u00bbyes\u00a0\u00bb content_placement=\u00a0\u00bbmiddle\u00a0\u00bb css_animation=\u00a0\u00bbnone\u00a0\u00bb el_class=\u00a0\u00bbcategorieshome\u00a0\u00bb css=\u00a0\u00bb.vc_custom_1554813219451{border-right-width: 10px !important;border-left-width: 10px !important;padding-right: 10px !important;padding-left: 10px !important;border-left-color: #1e73be !important;border-right-color: #1e73be !important;}\u00a0\u00bb][vc_column width=\u00a0\u00bb1\/3&Prime; css=\u00a0\u00bb.vc_custom_1554058939935{margin-top: 0px !important;margin-right: 0px !important;margin-bottom: 0px !important;margin-left: 0px !important;border-top-width: 0px !important;border-right-width: 0px !important;border-bottom-width: 0px !important;border-left-width: 0px !important;padding-top: 0px !important;padding-right: 0px !important;padding-bottom: 0px !important;padding-left: 0px !important;border-left-color: #227cd6 !important;border-left-style: solid !important;border-right-color: #227cd6 !important;border-right-style: solid !important;border-top-color: #227cd6 !important;border-top-style: solid !important;border-bottom-color: #227cd6 !important;border-bottom-style: solid !important;border-radius: 3px !important;}\u00a0\u00bb][vc_single_image image=\u00a0\u00bb2226&Prime; img_size=\u00a0\u00bb330&#215;330&Prime; add_caption=\u00a0\u00bbyes\u00a0\u00bb alignment=\u00a0\u00bbcenter\u00a0\u00bb style=\u00a0\u00bbvc_box_border\u00a0\u00bb border_color=\u00a0\u00bbsky\u00a0\u00bb onclick=\u00a0\u00bbcustom_link\u00a0\u00bb link=\u00a0\u00bbhttps:\/\/laserelectronique.com\/?product_cat=topographie\u00a0\u00bb][vc_column_text el_class=\u00a0\u00bbtext14&Prime;]<\/p>\n<h4 style=\"text-align: center;\"><a href=\"https:\/\/laserelectronique.com\/?product_cat=topographie\"><span style=\"color: #0000ff;\">Tout le mat\u00e9riel de topographie<\/span><\/a><\/h4>\n<p>[\/vc_column_text][vc_empty_space][\/vc_column][vc_column width=\u00a0\u00bb1\/3&Prime;][vc_single_image image=\u00a0\u00bb3459&Prime; img_size=\u00a0\u00bb330&#215;330&Prime; add_caption=\u00a0\u00bbyes\u00a0\u00bb alignment=\u00a0\u00bbcenter\u00a0\u00bb style=\u00a0\u00bbvc_box_border\u00a0\u00bb border_color=\u00a0\u00bbsky\u00a0\u00bb onclick=\u00a0\u00bbcustom_link\u00a0\u00bb link=\u00a0\u00bbhttps:\/\/laserelectronique.com\/?product_cat=guidage-dengin\u00a0\u00bb][vc_column_text el_class=\u00a0\u00bbtext14&Prime;]<\/p>\n<h4 style=\"text-align: center;\"><a href=\"https:\/\/laserelectronique.com\/?product_cat=guidage-dengin\"><span style=\"color: #0021fa;\">Equipement de guidage pour engins de travaux publics<\/span><\/a><\/h4>\n<p>[\/vc_column_text][vc_empty_space][\/vc_column][vc_column width=\u00a0\u00bb1\/3&Prime;][vc_single_image image=\u00a0\u00bb2149&Prime; img_size=\u00a0\u00bb330&#215;330&Prime; add_caption=\u00a0\u00bbyes\u00a0\u00bb alignment=\u00a0\u00bbcenter\u00a0\u00bb style=\u00a0\u00bbvc_box_border\u00a0\u00bb border_color=\u00a0\u00bbsky\u00a0\u00bb onclick=\u00a0\u00bbcustom_link\u00a0\u00bb link=\u00a0\u00bbhttps:\/\/laserelectronique.com\/?product_cat=pieces-tp\u00a0\u00bb][vc_column_text el_class=\u00a0\u00bbtext14&Prime;]<\/p>\n<h4 style=\"text-align: center;\"><a href=\"https:\/\/laserelectronique.com\/?product_cat=pieces-tp\"><span style=\"color: #0000ff;\">Pi\u00e8ces pour engins de construction routi\u00e8re<\/span><\/a><\/h4>\n<p>[\/vc_column_text][vc_empty_space][\/vc_column][\/vc_row][\/vc_section][vc_row content_placement=\u00a0\u00bbbottom\u00a0\u00bb css_animation=\u00a0\u00bbtop-to-bottom\u00a0\u00bb][vc_column css_animation=\u00a0\u00bbnone\u00a0\u00bb][vc_empty_space height=\u00a0\u00bb5px\u00a0\u00bb]<div class=\"fp-partner clearfix \">\n\t\t\t\t<div class=\"list-item\"><div class=\"partner-item\">\n\t\t\t\t\t\t\t<div class=\"partner-content\"><a href=\"https:\/\/www.topconpositioning.com\/fr\/\" target=\"_self\" ><img decoding=\"async\" alt=\"978\"  src=\"https:\/\/laserelectronique.com\/wp-content\/uploads\/2017\/11\/logoTOPCON-300x150.jpg\"><\/a><\/div>\n\t\t\t\t\t\t<\/div><div class=\"partner-item\">\n\t\t\t\t\t\t\t<div class=\"partner-content\"><a href=\"https:\/\/geomax-positioning.com\/fr-fr\/products\" target=\"_self\" ><img decoding=\"async\" alt=\"2162\"  src=\"https:\/\/laserelectronique.com\/wp-content\/uploads\/2018\/12\/logo-geomax.png\"><\/a><\/div>\n\t\t\t\t\t\t<\/div><div class=\"partner-item\">\n\t\t\t\t\t\t\t<div class=\"partner-content\"><a href=\"http:\/\/www.nedo.de\/\" target=\"_self\" ><img decoding=\"async\" alt=\"2163\"  src=\"https:\/\/laserelectronique.com\/wp-content\/uploads\/2018\/12\/logoNEDO-300x150.jpg\"><\/a><\/div>\n\t\t\t\t\t\t<\/div><div class=\"partner-item\">\n\t\t\t\t\t\t\t<div class=\"partner-content\"><a href=\"https:\/\/www.stabila.com\/fr\/home.html\" target=\"_self\" ><img decoding=\"async\" alt=\"2161\"  src=\"https:\/\/laserelectronique.com\/wp-content\/uploads\/2018\/12\/logoSTABILA-300x150.png\"><\/a><\/div>\n\t\t\t\t\t\t<\/div><div class=\"partner-item\">\n\t\t\t\t\t\t\t<div class=\"partner-content\"><a href=\"https:\/\/laserins.fr\/produit\/pompe-eau-ou-gasoil-12v-equima-50l-mn\/\" target=\"_self\" ><img decoding=\"async\" alt=\"3453\"  src=\"https:\/\/laserelectronique.com\/wp-content\/uploads\/2024\/09\/LOGOEQUIMA-300x150.png\"><\/a><\/div>\n\t\t\t\t\t\t<\/div><\/div>\n\t\t\t<\/div>[vc_empty_space height=\u00a0\u00bb25px\u00a0\u00bb][\/vc_column][\/vc_row][vc_row full_width=\u00a0\u00bbstretch_row_content_no_spaces\u00a0\u00bb css_animation=\u00a0\u00bbtop-to-bottom\u00a0\u00bb css=\u00a0\u00bb.vc_custom_1554139114033{background-position: 0 0 !important;background-repeat: no-repeat !important;}\u00a0\u00bb el_class=\u00a0\u00bbhomesrvice\u00a0\u00bb][vc_column css_animation=\u00a0\u00bbnone\u00a0\u00bb css=\u00a0\u00bb.vc_custom_1544913303955{background-image: url(https:\/\/laserelectronique.com\/wp-content\/uploads\/2018\/12\/bandeau-5-bleu.png?id=2218) !important;background-position: center !important;background-repeat: no-repeat !important;background-size: cover !important;}\u00a0\u00bb][vc_empty_space height=\u00a0\u00bb25px\u00a0\u00bb]<div class=\"fp-service  style-1\">\n                <div class=\"row service-list\"><div class=\"col-md-4 col-4 col-sm-6 col-xs-6 item-service \">\n\t\t\t\t\t<div class=\"entry-thumbnail\">\n\t\t\t\t\t\t<div class=\"overlay\" ><\/div>\n\t\t\t\t\t\t<a href=\"https:\/\/laserelectronique.com\/?service=location-de-materiel-topographique\"><\/a>\n\t\t\t\t\t\t<img decoding=\"async\" src=\"https:\/\/laserelectronique.com\/wp-content\/uploads\/2018\/12\/location-station.jpg\" alt=\"Location de mat\u00e9riel topographique\"><i class=\"factory-link\"><\/i><span><\/span>\n\t\t\t\t\t<\/div>\n\t\t\t\t\t<h2 class=\"entry-title\"><a href=\"https:\/\/laserelectronique.com\/?service=location-de-materiel-topographique\">Location de mat\u00e9riel topographique<\/a><\/h2>\n\t\t\t\t\t<p>Location toute dur\u00e9e de lasers rotatifs, lasers de canalisation, stations et th\u00e9odolites Document associ\u00e9 :\u00a0TARIFS LOCATION TOPOGRAPHIE &nbsp;<\/p>\n\t\t\t\t\t<a href=\"https:\/\/laserelectronique.com\/?service=location-de-materiel-topographique\" class=\"fp-btn-2nd readmore\">Read More<\/a>\n\t\t\t\t<\/div><div class=\"col-md-4 col-4 col-sm-6 col-xs-6 item-service \">\n\t\t\t\t\t<div class=\"entry-thumbnail\">\n\t\t\t\t\t\t<div class=\"overlay\" ><\/div>\n\t\t\t\t\t\t<a href=\"https:\/\/laserelectronique.com\/?service=material-engineering\"><\/a>\n\t\t\t\t\t\t<img decoding=\"async\" src=\"https:\/\/laserelectronique.com\/wp-content\/uploads\/2018\/12\/controle-.jpg\" alt=\"Lasers, niveaux de chantier et GPS\"><i class=\"factory-link\"><\/i><span><\/span>\n\t\t\t\t\t<\/div>\n\t\t\t\t\t<h2 class=\"entry-title\"><a href=\"https:\/\/laserelectronique.com\/?service=material-engineering\">Lasers, niveaux de chantier et GPS<\/a><\/h2>\n\t\t\t\t\t<p>LA REVISION PERIODIQUE de votre mat\u00e9riel vous permet de l\u2019utiliser de mani\u00e8re fiable et d\u2019am\u00e9liorer sa long\u00e9vit\u00e9. Nos prestations comprennent la r\u00e9vision de votre appareil, son nettoyage, son \u00e9talonnage si&hellip;<\/p>\n\t\t\t\t\t<a href=\"https:\/\/laserelectronique.com\/?service=material-engineering\" class=\"fp-btn-2nd readmore\">Read More<\/a>\n\t\t\t\t<\/div><div class=\"col-md-4 col-4 col-sm-6 col-xs-6 item-service \">\n\t\t\t\t\t<div class=\"entry-thumbnail\">\n\t\t\t\t\t\t<div class=\"overlay\" ><\/div>\n\t\t\t\t\t\t<a href=\"https:\/\/laserelectronique.com\/?service=power-and-energy\"><\/a>\n\t\t\t\t\t\t<img decoding=\"async\" src=\"https:\/\/laserelectronique.com\/wp-content\/uploads\/2018\/12\/SERVICEvogele2-1.jpg\" alt=\"Mat\u00e9riels de nivellement\"><i class=\"factory-link\"><\/i><span><\/span>\n\t\t\t\t\t<\/div>\n\t\t\t\t\t<h2 class=\"entry-title\"><a href=\"https:\/\/laserelectronique.com\/?service=power-and-energy\">Mat\u00e9riels de nivellement<\/a><\/h2>\n\t\t\t\t\t<p>LA R\u00c9VISION P\u00c9RIODIQUE de votre mat\u00e9riel vous permet de l\u2019utiliser de mani\u00e8re fiable et d\u2019am\u00e9liorer sa long\u00e9vit\u00e9. Nos prestations comprennent la r\u00e9vision de votre appareil, son nettoyage, son \u00e9talonnage si&hellip;<\/p>\n\t\t\t\t\t<a href=\"https:\/\/laserelectronique.com\/?service=power-and-energy\" class=\"fp-btn-2nd readmore\">Read More<\/a>\n\t\t\t\t<\/div><\/div>\n            <\/div>[\/vc_column][\/vc_row][vc_row equal_height=\u00a0\u00bbyes\u00a0\u00bb content_placement=\u00a0\u00bbmiddle\u00a0\u00bb css_animation=\u00a0\u00bbtop-to-bottom\u00a0\u00bb el_class=\u00a0\u00bbcenterbloc\u00a0\u00bb][vc_column][vc_empty_space height=\u00a0\u00bb10px\u00a0\u00bb][vc_btn title=\u00a0\u00bbTous nos services\u00a0\u00bb shape=\u00a0\u00bbround\u00a0\u00bb color=\u00a0\u00bbsky\u00a0\u00bb size=\u00a0\u00bblg\u00a0\u00bb align=\u00a0\u00bbcenter\u00a0\u00bb link=\u00a0\u00bburl:http%3A%2F%2Flaserelectronique.com%2F%3Fpage_id%3D341|||\u00a0\u00bb css=\u00a0\u00bb.vc_custom_1554625080117{background-position: center !important;background-repeat: no-repeat !important;background-size: cover !important;}\u00a0\u00bb][vc_empty_space height=\u00a0\u00bb10px\u00a0\u00bb css=\u00a0\u00bb.vc_custom_1554624885758{background-color: #ffffff !important;}\u00a0\u00bb][vc_row_inner][vc_column_inner width=\u00a0\u00bb1\/4&Prime;][vc_btn title=\u00a0\u00bb\u00a0\u00bb color=\u00a0\u00bbsky\u00a0\u00bb size=\u00a0\u00bblg\u00a0\u00bb align=\u00a0\u00bbcenter\u00a0\u00bb i_type=\u00a0\u00bbmonosocial\u00a0\u00bb i_icon_monosocial=\u00a0\u00bbvc-mono vc-mono-googleplus\u00a0\u00bb add_icon=\u00a0\u00bbtrue\u00a0\u00bb link=\u00a0\u00bburl:https%3A%2F%2Fwww.google.fr%2Fsearch%3Foutput%3Dsearch%26sclient%3Dpsy-ab%26q%3Dlaserins%26btnG%3D%26oq%3D%26gs_l%3D%26pbx%3D1|||\u00a0\u00bb][\/vc_column_inner][vc_column_inner width=\u00a0\u00bb1\/4&Prime;][vc_btn title=\u00a0\u00bb\u00a0\u00bb color=\u00a0\u00bbsky\u00a0\u00bb size=\u00a0\u00bblg\u00a0\u00bb align=\u00a0\u00bbcenter\u00a0\u00bb i_type=\u00a0\u00bbmonosocial\u00a0\u00bb i_icon_monosocial=\u00a0\u00bbvc-mono vc-mono-facebook\u00a0\u00bb add_icon=\u00a0\u00bbtrue\u00a0\u00bb link=\u00a0\u00bburl:https%3A%2F%2Fwww.facebook.com%2Flaserins.laserins.9%3Fref%3Dbookmarks|||\u00a0\u00bb css=\u00a0\u00bb.vc_custom_1554625183599{background-position: center !important;background-repeat: no-repeat !important;background-size: cover !important;}\u00a0\u00bb][\/vc_column_inner][vc_column_inner width=\u00a0\u00bb1\/4&Prime;][vc_btn title=\u00a0\u00bb\u00a0\u00bb color=\u00a0\u00bbsky\u00a0\u00bb size=\u00a0\u00bblg\u00a0\u00bb align=\u00a0\u00bbcenter\u00a0\u00bb i_type=\u00a0\u00bbmonosocial\u00a0\u00bb i_icon_monosocial=\u00a0\u00bbvc-mono vc-mono-twitterbird\u00a0\u00bb add_icon=\u00a0\u00bbtrue\u00a0\u00bb link=\u00a0\u00bburl:https%3A%2F%2Ftwitter.com%2Flaser_ins|||\u00a0\u00bb][\/vc_column_inner][vc_column_inner width=\u00a0\u00bb1\/4&Prime;][vc_btn title=\u00a0\u00bb\u00a0\u00bb color=\u00a0\u00bbsky\u00a0\u00bb size=\u00a0\u00bblg\u00a0\u00bb align=\u00a0\u00bbcenter\u00a0\u00bb i_type=\u00a0\u00bbmonosocial\u00a0\u00bb i_icon_monosocial=\u00a0\u00bbvc-mono vc-mono-linkedin\u00a0\u00bb add_icon=\u00a0\u00bbtrue\u00a0\u00bb link=\u00a0\u00bburl:https%3A%2F%2Fwww.google.fr%2Furl%3Fsa%3Dt%26rct%3Dj%26q%3D%26esrc%3Ds%26source%3Dweb%26cd%3D1%26cad%3Drja%26uact%3D8%26ved%3D0ahUKEwjP48G6sKfYAhURL1AKHXRzCdEQFggqMAA%26url%3Dhttps%253A%252F%252Fwww.linkedin.com%252Fcompany%252Flaser-ins%26usg%3DAOvVaw2UGLGFTGlbTuKCVdHG0Fux|||\u00a0\u00bb][\/vc_column_inner][\/vc_row_inner][\/vc_column][\/vc_row][vc_row][vc_column][\/vc_column][\/vc_row]<\/p>\n<\/section>","protected":false},"excerpt":{"rendered":"<p>[vc_section][vc_row css_animation=\u00a0\u00bbtop-to-bottom\u00a0\u00bb][vc_column el_class=\u00a0\u00bbcustom-h2&Prime;][vc_column_text] Votre partenaire en guidage d&rsquo;engins, topographie et services\u00a0 [\/vc_column_text][vc_empty_space height=\u00a0\u00bb20px\u00a0\u00bb][\/vc_column][\/vc_row][vc_row full_width=\u00a0\u00bbstretch_row_content_no_spaces\u00a0\u00bb gap=\u00a0\u00bb20&Prime; equal_height=\u00a0\u00bbyes\u00a0\u00bb content_placement=\u00a0\u00bbmiddle\u00a0\u00bb css_animation=\u00a0\u00bbnone\u00a0\u00bb el_class=\u00a0\u00bbcategorieshome\u00a0\u00bb css=\u00a0\u00bb.vc_custom_1554813219451{border-right-width: 10px !important;border-left-width: 10px !important;padding-right: 10px !important;padding-left: 10px !important;border-left-color: #1e73be !important;border-right-color:&hellip;<\/p>\n","protected":false},"author":1,"featured_media":0,"parent":0,"menu_order":0,"comment_status":"closed","ping_status":"closed","template":"template-homepage.php","meta":{"footnotes":""},"class_list":["post-27","page","type-page","status-publish","hentry",""],"yoast_head":"<!-- This site is optimized with the Yoast SEO plugin v24.7 - https:\/\/yoast.com\/wordpress\/plugins\/seo\/ -->\n<title>Accueil - LASER ELECTRONIQUE TP<\/title>\n<meta name=\"robots\" content=\"index, follow, max-snippet:-1, max-image-preview:large, max-video-preview:-1\" \/>\n<link rel=\"canonical\" href=\"https:\/\/laserelectronique.com\/\" \/>\n<meta property=\"og:locale\" content=\"fr_FR\" \/>\n<meta property=\"og:type\" content=\"article\" \/>\n<meta property=\"og:title\" content=\"Accueil - LASER ELECTRONIQUE TP\" \/>\n<meta property=\"og:description\" content=\"[vc_section][vc_row css_animation=\u00a0\u00bbtop-to-bottom\u00a0\u00bb][vc_column el_class=\u00a0\u00bbcustom-h2&Prime;][vc_column_text] Votre partenaire en guidage d&rsquo;engins, topographie et services\u00a0 [\/vc_column_text][vc_empty_space height=\u00a0\u00bb20px\u00a0\u00bb][\/vc_column][\/vc_row][vc_row full_width=\u00a0\u00bbstretch_row_content_no_spaces\u00a0\u00bb gap=\u00a0\u00bb20&Prime; equal_height=\u00a0\u00bbyes\u00a0\u00bb content_placement=\u00a0\u00bbmiddle\u00a0\u00bb css_animation=\u00a0\u00bbnone\u00a0\u00bb el_class=\u00a0\u00bbcategorieshome\u00a0\u00bb css=\u00a0\u00bb.vc_custom_1554813219451{border-right-width: 10px !important;border-left-width: 10px !important;padding-right: 10px !important;padding-left: 10px !important;border-left-color: #1e73be !important;border-right-color:&hellip;\" \/>\n<meta property=\"og:url\" content=\"https:\/\/laserelectronique.com\/\" \/>\n<meta property=\"og:site_name\" content=\"LASER ELECTRONIQUE TP\" \/>\n<meta property=\"article:modified_time\" content=\"2024-09-27T11:01:57+00:00\" \/>\n<meta name=\"twitter:card\" content=\"summary_large_image\" \/>\n<meta name=\"twitter:label1\" content=\"Dur\u00e9e de lecture estim\u00e9e\" \/>\n\t<meta name=\"twitter:data1\" content=\"4 minutes\" \/>\n<script type=\"application\/ld+json\" class=\"yoast-schema-graph\">{\"@context\":\"https:\/\/schema.org\",\"@graph\":[{\"@type\":\"WebPage\",\"@id\":\"https:\/\/laserelectronique.com\/\",\"url\":\"https:\/\/laserelectronique.com\/\",\"name\":\"Accueil - LASER ELECTRONIQUE TP\",\"isPartOf\":{\"@id\":\"https:\/\/laserelectronique.com\/#website\"},\"datePublished\":\"2017-03-25T14:13:18+00:00\",\"dateModified\":\"2024-09-27T11:01:57+00:00\",\"breadcrumb\":{\"@id\":\"https:\/\/laserelectronique.com\/#breadcrumb\"},\"inLanguage\":\"fr-FR\",\"potentialAction\":[{\"@type\":\"ReadAction\",\"target\":[\"https:\/\/laserelectronique.com\/\"]}]},{\"@type\":\"BreadcrumbList\",\"@id\":\"https:\/\/laserelectronique.com\/#breadcrumb\",\"itemListElement\":[{\"@type\":\"ListItem\",\"position\":1,\"name\":\"Accueil\",\"item\":\"https:\/\/laserelectronique.com\/\"},{\"@type\":\"ListItem\",\"position\":2,\"name\":\"Accueil\"}]},{\"@type\":\"WebSite\",\"@id\":\"https:\/\/laserelectronique.com\/#website\",\"url\":\"https:\/\/laserelectronique.com\/\",\"name\":\"LASER ELECTRONIQUE TP\",\"description\":\"VOTRE PARTENAIRE EN GUIDAGE D&#039;ENGINS, TOPOGRAPHIE ET SERVICES\",\"potentialAction\":[{\"@type\":\"SearchAction\",\"target\":{\"@type\":\"EntryPoint\",\"urlTemplate\":\"https:\/\/laserelectronique.com\/?s={search_term_string}\"},\"query-input\":{\"@type\":\"PropertyValueSpecification\",\"valueRequired\":true,\"valueName\":\"search_term_string\"}}],\"inLanguage\":\"fr-FR\"}]}<\/script>\n<!-- \/ Yoast SEO plugin. -->","yoast_head_json":{"title":"Accueil - LASER ELECTRONIQUE TP","robots":{"index":"index","follow":"follow","max-snippet":"max-snippet:-1","max-image-preview":"max-image-preview:large","max-video-preview":"max-video-preview:-1"},"canonical":"https:\/\/laserelectronique.com\/","og_locale":"fr_FR","og_type":"article","og_title":"Accueil - LASER ELECTRONIQUE TP","og_description":"[vc_section][vc_row css_animation=\u00a0\u00bbtop-to-bottom\u00a0\u00bb][vc_column el_class=\u00a0\u00bbcustom-h2&Prime;][vc_column_text] Votre partenaire en guidage d&rsquo;engins, topographie et services\u00a0 [\/vc_column_text][vc_empty_space height=\u00a0\u00bb20px\u00a0\u00bb][\/vc_column][\/vc_row][vc_row full_width=\u00a0\u00bbstretch_row_content_no_spaces\u00a0\u00bb gap=\u00a0\u00bb20&Prime; equal_height=\u00a0\u00bbyes\u00a0\u00bb content_placement=\u00a0\u00bbmiddle\u00a0\u00bb css_animation=\u00a0\u00bbnone\u00a0\u00bb el_class=\u00a0\u00bbcategorieshome\u00a0\u00bb css=\u00a0\u00bb.vc_custom_1554813219451{border-right-width: 10px !important;border-left-width: 10px !important;padding-right: 10px !important;padding-left: 10px !important;border-left-color: #1e73be !important;border-right-color:&hellip;","og_url":"https:\/\/laserelectronique.com\/","og_site_name":"LASER ELECTRONIQUE TP","article_modified_time":"2024-09-27T11:01:57+00:00","twitter_card":"summary_large_image","twitter_misc":{"Dur\u00e9e de lecture estim\u00e9e":"4 minutes"},"schema":{"@context":"https:\/\/schema.org","@graph":[{"@type":"WebPage","@id":"https:\/\/laserelectronique.com\/","url":"https:\/\/laserelectronique.com\/","name":"Accueil - LASER ELECTRONIQUE TP","isPartOf":{"@id":"https:\/\/laserelectronique.com\/#website"},"datePublished":"2017-03-25T14:13:18+00:00","dateModified":"2024-09-27T11:01:57+00:00","breadcrumb":{"@id":"https:\/\/laserelectronique.com\/#breadcrumb"},"inLanguage":"fr-FR","potentialAction":[{"@type":"ReadAction","target":["https:\/\/laserelectronique.com\/"]}]},{"@type":"BreadcrumbList","@id":"https:\/\/laserelectronique.com\/#breadcrumb","itemListElement":[{"@type":"ListItem","position":1,"name":"Accueil","item":"https:\/\/laserelectronique.com\/"},{"@type":"ListItem","position":2,"name":"Accueil"}]},{"@type":"WebSite","@id":"https:\/\/laserelectronique.com\/#website","url":"https:\/\/laserelectronique.com\/","name":"LASER ELECTRONIQUE TP","description":"VOTRE PARTENAIRE EN GUIDAGE D&#039;ENGINS, TOPOGRAPHIE ET SERVICES","potentialAction":[{"@type":"SearchAction","target":{"@type":"EntryPoint","urlTemplate":"https:\/\/laserelectronique.com\/?s={search_term_string}"},"query-input":{"@type":"PropertyValueSpecification","valueRequired":true,"valueName":"search_term_string"}}],"inLanguage":"fr-FR"}]}},"_links":{"self":[{"href":"https:\/\/laserelectronique.com\/index.php?rest_route=\/wp\/v2\/pages\/27","targetHints":{"allow":["GET"]}}],"collection":[{"href":"https:\/\/laserelectronique.com\/index.php?rest_route=\/wp\/v2\/pages"}],"about":[{"href":"https:\/\/laserelectronique.com\/index.php?rest_route=\/wp\/v2\/types\/page"}],"author":[{"embeddable":true,"href":"https:\/\/laserelectronique.com\/index.php?rest_route=\/wp\/v2\/users\/1"}],"replies":[{"embeddable":true,"href":"https:\/\/laserelectronique.com\/index.php?rest_route=%2Fwp%2Fv2%2Fcomments&post=27"}],"version-history":[{"count":363,"href":"https:\/\/laserelectronique.com\/index.php?rest_route=\/wp\/v2\/pages\/27\/revisions"}],"predecessor-version":[{"id":3474,"href":"https:\/\/laserelectronique.com\/index.php?rest_route=\/wp\/v2\/pages\/27\/revisions\/3474"}],"wp:attachment":[{"href":"https:\/\/laserelectronique.com\/index.php?rest_route=%2Fwp%2Fv2%2Fmedia&parent=27"}],"curies":[{"name":"wp","href":"https:\/\/api.w.org\/{rel}","templated":true}]}}